{"id":1528,"date":"2024-10-14T17:24:08","date_gmt":"2024-10-14T15:24:08","guid":{"rendered":"https:\/\/issaline.testangal.es\/?page_id=1528"},"modified":"2024-11-18T17:21:39","modified_gmt":"2024-11-18T16:21:39","slug":"idiota","status":"publish","type":"page","link":"https:\/\/dev-issaline.testangal.es\/pt\/idiota\/","title":{"rendered":"I&amp;D&amp;I"},"content":{"rendered":"<div data-elementor-type=\"wp-page\" data-elementor-id=\"1528\" class=\"elementor elementor-1528\" data-elementor-post-type=\"page\">\n\t\t\t\t\t\t<section class=\"elementor-section elementor-top-section elementor-element elementor-element-71ee3244 elementor-section-full_width elementor-section-height-default elementor-section-height-default\" data-id=\"71ee3244\" data-element_type=\"section\">\n\t\t\t\t\t\t<div class=\"elementor-container elementor-column-gap-no\">\n\t\t\t\t\t<div class=\"elementor-column elementor-col-100 elementor-top-column elementor-element elementor-element-5f5ca769\" data-id=\"5f5ca769\" data-element_type=\"column\">\n\t\t\t<div class=\"elementor-widget-wrap elementor-element-populated\">\n\t\t\t\t\t\t<div class=\"elementor-element elementor-element-5126e1be elementor-widget elementor-widget-image\" data-id=\"5126e1be\" data-element_type=\"widget\" id=\"banner-idi-nosotros\" data-widget_type=\"image.default\">\n\t\t\t\t<div class=\"elementor-widget-container\">\n\t\t\t\t\t\t\t\t\t\t\t\t\t\t\t<img fetchpriority=\"high\" decoding=\"async\" width=\"1920\" height=\"643\" src=\"https:\/\/dev-issaline.testangal.es\/wp-content\/uploads\/2024\/10\/idi-issaline-1.jpg\" class=\"attachment-full size-full wp-image-4039\" alt=\"\" srcset=\"https:\/\/dev-issaline.testangal.es\/wp-content\/uploads\/2024\/10\/idi-issaline-1.jpg 1920w, https:\/\/dev-issaline.testangal.es\/wp-content\/uploads\/2024\/10\/idi-issaline-1-300x100.jpg 300w, https:\/\/dev-issaline.testangal.es\/wp-content\/uploads\/2024\/10\/idi-issaline-1-1024x343.jpg 1024w, https:\/\/dev-issaline.testangal.es\/wp-content\/uploads\/2024\/10\/idi-issaline-1-768x257.jpg 768w, https:\/\/dev-issaline.testangal.es\/wp-content\/uploads\/2024\/10\/idi-issaline-1-1536x514.jpg 1536w\" sizes=\"(max-width: 1920px) 100vw, 1920px\" \/>\t\t\t\t\t\t\t\t\t\t\t\t\t\t\t<\/div>\n\t\t\t\t<\/div>\n\t\t\t\t<section class=\"elementor-section elementor-inner-section elementor-element elementor-element-34eb53d9 texto-sobre-imagen-under elementor-section-boxed elementor-section-height-default elementor-section-height-default\" data-id=\"34eb53d9\" data-element_type=\"section\">\n\t\t\t\t\t\t<div class=\"elementor-container elementor-column-gap-default\">\n\t\t\t\t\t<div class=\"elementor-column elementor-col-50 elementor-inner-column elementor-element elementor-element-79bf7d13\" data-id=\"79bf7d13\" data-element_type=\"column\">\n\t\t\t<div class=\"elementor-widget-wrap elementor-element-populated\">\n\t\t\t\t\t\t<div class=\"elementor-element elementor-element-3e05fae elementor-widget elementor-widget-text-editor\" data-id=\"3e05fae\" data-element_type=\"widget\" data-widget_type=\"text-editor.default\">\n\t\t\t\t<div class=\"elementor-widget-container\">\n\t\t\t\t\t\t\t\t\t<p style=\"text-align: left;margin:0;\">I&amp;D&amp;I<\/p>\t\t\t\t\t\t\t\t<\/div>\n\t\t\t\t<\/div>\n\t\t\t\t<div class=\"elementor-element elementor-element-d5ce966 elementor-widget elementor-widget-text-editor\" data-id=\"d5ce966\" data-element_type=\"widget\" data-widget_type=\"text-editor.default\">\n\t\t\t\t<div class=\"elementor-widget-container\">\n\t\t\t\t\t\t\t\t\t<p style=\"text-align: left;\">A mais recente tecnologia para proporcionar a maior seguran\u00e7a e conforto nas nossas pe\u00e7as de vestu\u00e1rio.<\/p>\t\t\t\t\t\t\t\t<\/div>\n\t\t\t\t<\/div>\n\t\t\t\t\t<\/div>\n\t\t<\/div>\n\t\t\t\t<div class=\"elementor-column elementor-col-50 elementor-inner-column elementor-element elementor-element-516a7458 elementor-hidden-tablet elementor-hidden-mobile\" data-id=\"516a7458\" data-element_type=\"column\">\n\t\t\t<div class=\"elementor-widget-wrap\">\n\t\t\t\t\t\t\t<\/div>\n\t\t<\/div>\n\t\t\t\t\t<\/div>\n\t\t<\/section>\n\t\t\t\t\t<\/div>\n\t\t<\/div>\n\t\t\t\t\t<\/div>\n\t\t<\/section>\n\t\t\t\t<section class=\"elementor-section elementor-top-section elementor-element elementor-element-2e39043 elementor-section-boxed elementor-section-height-default elementor-section-height-default\" data-id=\"2e39043\" data-element_type=\"section\">\n\t\t\t\t\t\t<div class=\"elementor-container elementor-column-gap-default\">\n\t\t\t\t\t<div class=\"elementor-column elementor-col-66 elementor-top-column elementor-element elementor-element-cba5111\" data-id=\"cba5111\" data-element_type=\"column\">\n\t\t\t<div class=\"elementor-widget-wrap elementor-element-populated\">\n\t\t\t\t\t\t<div class=\"elementor-element elementor-element-31942e7 elementor-widget elementor-widget-image\" data-id=\"31942e7\" data-element_type=\"widget\" data-widget_type=\"image.default\">\n\t\t\t\t<div class=\"elementor-widget-container\">\n\t\t\t\t\t\t\t\t\t\t\t\t\t\t\t<img decoding=\"async\" width=\"157\" height=\"64\" src=\"https:\/\/dev-issaline.testangal.es\/wp-content\/uploads\/2024\/10\/Logo_Verde.svg\" class=\"attachment-full size-full wp-image-4879\" alt=\"\" \/>\t\t\t\t\t\t\t\t\t\t\t\t\t\t\t<\/div>\n\t\t\t\t<\/div>\n\t\t\t\t<div class=\"elementor-element elementor-element-4717ae7 elementor-widget elementor-widget-text-editor\" data-id=\"4717ae7\" data-element_type=\"widget\" data-widget_type=\"text-editor.default\">\n\t\t\t\t<div class=\"elementor-widget-container\">\n\t\t\t\t\t\t\t\t\t<p>Tecnologia t\u00eaxtil para o m\u00e1ximo conforto. Trabalhamos para si. Por mais duro, dif\u00edcil ou in\u00f3spito que seja o desafio ou o seu trabalho, trabalhamos para o ultrapassar, para encontrar solu\u00e7\u00f5es reais, para melhorar constantemente e para avan\u00e7ar sempre. N\u00e3o acreditamos no imposs\u00edvel e esfor\u00e7amo-nos por alcan\u00e7\u00e1-lo.<\/p>\t\t\t\t\t\t\t\t<\/div>\n\t\t\t\t<\/div>\n\t\t\t\t\t<\/div>\n\t\t<\/div>\n\t\t\t\t<div class=\"elementor-column elementor-col-33 elementor-top-column elementor-element elementor-element-855865a elementor-hidden-tablet elementor-hidden-mobile\" data-id=\"855865a\" data-element_type=\"column\">\n\t\t\t<div class=\"elementor-widget-wrap\">\n\t\t\t\t\t\t\t<\/div>\n\t\t<\/div>\n\t\t\t\t\t<\/div>\n\t\t<\/section>\n\t\t\t\t<section class=\"elementor-section elementor-top-section elementor-element elementor-element-21d5a5fd elementor-section-boxed elementor-section-height-default elementor-section-height-default\" data-id=\"21d5a5fd\" data-element_type=\"section\">\n\t\t\t\t\t\t<div class=\"elementor-container elementor-column-gap-default\">\n\t\t\t\t\t<div class=\"elementor-column elementor-col-50 elementor-top-column elementor-element elementor-element-36938165\" data-id=\"36938165\" data-element_type=\"column\">\n\t\t\t<div class=\"elementor-widget-wrap elementor-element-populated\">\n\t\t\t\t\t\t<div class=\"elementor-element elementor-element-75a68759 elementor-widget elementor-widget-text-editor\" data-id=\"75a68759\" data-element_type=\"widget\" data-widget_type=\"text-editor.default\">\n\t\t\t\t<div class=\"elementor-widget-container\">\n\t\t\t\t\t\t\t\t\t<p style=\"text-align: left;\">\"A tecnologia t\u00eaxtil para fornecer a <span class=\"color-verde-cambio-fuente\">MAIOR CONFORTO<\/span>.\"<\/p>\t\t\t\t\t\t\t\t<\/div>\n\t\t\t\t<\/div>\n\t\t\t\t\t<\/div>\n\t\t<\/div>\n\t\t\t\t<div class=\"elementor-column elementor-col-50 elementor-top-column elementor-element elementor-element-108179b7\" data-id=\"108179b7\" data-element_type=\"column\">\n\t\t\t<div class=\"elementor-widget-wrap\">\n\t\t\t\t\t\t\t<\/div>\n\t\t<\/div>\n\t\t\t\t\t<\/div>\n\t\t<\/section>\n\t\t\t\t<section class=\"elementor-section elementor-top-section elementor-element elementor-element-99a8ea5 elementor-section-full_width elementor-section-content-middle elementor-section-height-default elementor-section-height-default\" data-id=\"99a8ea5\" data-element_type=\"section\" id=\"contenedor-b2b-nosotros\">\n\t\t\t\t\t\t<div class=\"elementor-container elementor-column-gap-no\">\n\t\t\t\t\t<div class=\"elementor-column elementor-col-50 elementor-top-column elementor-element elementor-element-e65de26 imagen-contenedor-1-b2b\" data-id=\"e65de26\" data-element_type=\"column\" data-settings=\"{&quot;background_background&quot;:&quot;classic&quot;}\">\n\t\t\t<div class=\"elementor-widget-wrap elementor-element-populated\">\n\t\t\t\t\t\t<div class=\"elementor-element elementor-element-a12d0cd elementor-widget elementor-widget-spacer\" data-id=\"a12d0cd\" data-element_type=\"widget\" data-widget_type=\"spacer.default\">\n\t\t\t\t<div class=\"elementor-widget-container\">\n\t\t\t\t\t\t\t<div class=\"elementor-spacer\">\n\t\t\t<div class=\"elementor-spacer-inner\"><\/div>\n\t\t<\/div>\n\t\t\t\t\t\t<\/div>\n\t\t\t\t<\/div>\n\t\t\t\t\t<\/div>\n\t\t<\/div>\n\t\t\t\t<div class=\"elementor-column elementor-col-50 elementor-top-column elementor-element elementor-element-595f469 texto-contenedor-1-b2b\" data-id=\"595f469\" data-element_type=\"column\" data-settings=\"{&quot;background_background&quot;:&quot;classic&quot;}\">\n\t\t\t<div class=\"elementor-widget-wrap elementor-element-populated\">\n\t\t\t\t\t\t<div class=\"elementor-element elementor-element-f5766ac elementor-widget elementor-widget-text-editor\" data-id=\"f5766ac\" data-element_type=\"widget\" data-widget_type=\"text-editor.default\">\n\t\t\t\t<div class=\"elementor-widget-container\">\n\t\t\t\t\t\t\t\t\tInvestiga\u00e7\u00e3o e desenvolvimento cont\u00ednuos\t\t\t\t\t\t\t\t<\/div>\n\t\t\t\t<\/div>\n\t\t\t\t<div class=\"elementor-element elementor-element-813921f elementor-widget elementor-widget-text-editor\" data-id=\"813921f\" data-element_type=\"widget\" data-widget_type=\"text-editor.default\">\n\t\t\t\t<div class=\"elementor-widget-container\">\n\t\t\t\t\t\t\t\t\t<p style=\"text-align: left;\">Dispomos de uma equipa de I+D+I que investiga e desenvolve constantemente para oferecer solu\u00e7\u00f5es inovadoras ao trabalhador, procurando o equil\u00edbrio perfeito entre seguran\u00e7a, conforto e estilo.<\/p>\t\t\t\t\t\t\t\t<\/div>\n\t\t\t\t<\/div>\n\t\t\t\t\t<\/div>\n\t\t<\/div>\n\t\t\t\t\t<\/div>\n\t\t<\/section>\n\t\t\t\t<section class=\"elementor-section elementor-top-section elementor-element elementor-element-10dc3ee elementor-section-full_width elementor-section-content-middle elementor-section-height-default elementor-section-height-default\" data-id=\"10dc3ee\" data-element_type=\"section\" id=\"contenedor-vestuario-nosotros\">\n\t\t\t\t\t\t<div class=\"elementor-container elementor-column-gap-no\">\n\t\t\t\t\t<div class=\"elementor-column elementor-col-50 elementor-top-column elementor-element elementor-element-b8982d1 texto-contenedor-vestuario-nosotros\" data-id=\"b8982d1\" data-element_type=\"column\" data-settings=\"{&quot;background_background&quot;:&quot;classic&quot;}\">\n\t\t\t<div class=\"elementor-widget-wrap elementor-element-populated\">\n\t\t\t\t\t\t<div class=\"elementor-element elementor-element-1e8be4a elementor-widget__width-inherit elementor-widget elementor-widget-text-editor\" data-id=\"1e8be4a\" data-element_type=\"widget\" data-widget_type=\"text-editor.default\">\n\t\t\t\t<div class=\"elementor-widget-container\">\n\t\t\t\t\t\t\t\t\tUma equipa especializada e multidisciplinar\t\t\t\t\t\t\t\t<\/div>\n\t\t\t\t<\/div>\n\t\t\t\t<div class=\"elementor-element elementor-element-1cae857 elementor-widget__width-inherit elementor-widget elementor-widget-text-editor\" data-id=\"1cae857\" data-element_type=\"widget\" data-widget_type=\"text-editor.default\">\n\t\t\t\t<div class=\"elementor-widget-container\">\n\t\t\t\t\t\t\t\t\t<p style=\"text-align: left;\">Uma equipa especializada e multidisciplinar com a experi\u00eancia e os conhecimentos necess\u00e1rios para tratar as diferentes fases do desenvolvimento do produto de forma optimizada e com os mais elevados padr\u00f5es de qualidade: Conceptualiza\u00e7\u00e3o, Design-Estilo-Padroniza\u00e7\u00e3o, Sele\u00e7\u00e3o de materiais e composi\u00e7\u00e3o.<\/p>\t\t\t\t\t\t\t\t<\/div>\n\t\t\t\t<\/div>\n\t\t\t\t\t<\/div>\n\t\t<\/div>\n\t\t\t\t<div class=\"elementor-column elementor-col-50 elementor-top-column elementor-element elementor-element-c154177 imagen-contenedor-vestuario-nosotros\" data-id=\"c154177\" data-element_type=\"column\" data-settings=\"{&quot;background_background&quot;:&quot;classic&quot;}\">\n\t\t\t<div class=\"elementor-widget-wrap elementor-element-populated\">\n\t\t\t\t\t\t<div class=\"elementor-element elementor-element-d85aef6 elementor-widget elementor-widget-spacer\" data-id=\"d85aef6\" data-element_type=\"widget\" data-widget_type=\"spacer.default\">\n\t\t\t\t<div class=\"elementor-widget-container\">\n\t\t\t\t\t\t\t<div class=\"elementor-spacer\">\n\t\t\t<div class=\"elementor-spacer-inner\"><\/div>\n\t\t<\/div>\n\t\t\t\t\t\t<\/div>\n\t\t\t\t<\/div>\n\t\t\t\t\t<\/div>\n\t\t<\/div>\n\t\t\t\t\t<\/div>\n\t\t<\/section>\n\t\t\t\t<\/div>","protected":false},"excerpt":{"rendered":"<p>I+D+I La \u00faltima tecnolog\u00eda para proporcionar la mayor seguridad y comodidad en nuestras prendas. Tecnolog\u00eda textil para proporcionar la mayor comodidad. Trabajamos para ti. No importa lo duro, lo dif\u00edcil o lo inh\u00f3spito que sea el reto o tu trabajo, trabajamos para superarlo, para encontrar soluciones reales, mejorar de forma constante y avanzar siempre hacia [&hellip;]<\/p>","protected":false},"author":1,"featured_media":0,"parent":0,"menu_order":0,"comment_status":"closed","ping_status":"closed","template":"elementor_header_footer","meta":{"footnotes":""},"class_list":["post-1528","page","type-page","status-publish","hentry"],"_links":{"self":[{"href":"https:\/\/dev-issaline.testangal.es\/pt\/wp-json\/wp\/v2\/pages\/1528","targetHints":{"allow":["GET"]}}],"collection":[{"href":"https:\/\/dev-issaline.testangal.es\/pt\/wp-json\/wp\/v2\/pages"}],"about":[{"href":"https:\/\/dev-issaline.testangal.es\/pt\/wp-json\/wp\/v2\/types\/page"}],"author":[{"embeddable":true,"href":"https:\/\/dev-issaline.testangal.es\/pt\/wp-json\/wp\/v2\/users\/1"}],"replies":[{"embeddable":true,"href":"https:\/\/dev-issaline.testangal.es\/pt\/wp-json\/wp\/v2\/comments?post=1528"}],"version-history":[{"count":262,"href":"https:\/\/dev-issaline.testangal.es\/pt\/wp-json\/wp\/v2\/pages\/1528\/revisions"}],"predecessor-version":[{"id":9313,"href":"https:\/\/dev-issaline.testangal.es\/pt\/wp-json\/wp\/v2\/pages\/1528\/revisions\/9313"}],"wp:attachment":[{"href":"https:\/\/dev-issaline.testangal.es\/pt\/wp-json\/wp\/v2\/media?parent=1528"}],"curies":[{"name":"wp","href":"https:\/\/api.w.org\/{rel}","templated":true}]}}