{"id":3924,"date":"2024-10-17T15:20:36","date_gmt":"2024-10-17T13:20:36","guid":{"rendered":"https:\/\/issaline.testangal.es\/?page_id=3924"},"modified":"2025-09-01T12:59:23","modified_gmt":"2025-09-01T10:59:23","slug":"kontakt","status":"publish","type":"page","link":"https:\/\/dev-issaline.testangal.es\/pl\/kontakt\/","title":{"rendered":"Kontakt"},"content":{"rendered":"<div data-elementor-type=\"wp-page\" data-elementor-id=\"3924\" class=\"elementor elementor-3924\" data-elementor-post-type=\"page\">\n\t\t\t\t\t\t<section class=\"elementor-section elementor-top-section elementor-element elementor-element-1cbfefb8 elementor-section-full_width banner-contacto elementor-section-height-default elementor-section-height-default\" data-id=\"1cbfefb8\" data-element_type=\"section\">\n\t\t\t\t\t\t<div class=\"elementor-container elementor-column-gap-no\">\n\t\t\t\t\t<div class=\"elementor-column elementor-col-100 elementor-top-column elementor-element elementor-element-1075c572\" data-id=\"1075c572\" data-element_type=\"column\">\n\t\t\t<div class=\"elementor-widget-wrap elementor-element-populated\">\n\t\t\t\t\t\t<div class=\"elementor-element elementor-element-5df6c05d elementor-widget elementor-widget-image\" data-id=\"5df6c05d\" data-element_type=\"widget\" data-widget_type=\"image.default\">\n\t\t\t\t<div class=\"elementor-widget-container\">\n\t\t\t\t\t\t\t\t\t\t\t\t\t\t\t<img fetchpriority=\"high\" decoding=\"async\" width=\"1920\" height=\"643\" src=\"https:\/\/dev-issaline.testangal.es\/wp-content\/uploads\/2024\/10\/contacta-con-issaline.jpg\" class=\"attachment-full size-full wp-image-4109\" alt=\"\" srcset=\"https:\/\/dev-issaline.testangal.es\/wp-content\/uploads\/2024\/10\/contacta-con-issaline.jpg 1920w, https:\/\/dev-issaline.testangal.es\/wp-content\/uploads\/2024\/10\/contacta-con-issaline-300x100.jpg 300w, https:\/\/dev-issaline.testangal.es\/wp-content\/uploads\/2024\/10\/contacta-con-issaline-1024x343.jpg 1024w, https:\/\/dev-issaline.testangal.es\/wp-content\/uploads\/2024\/10\/contacta-con-issaline-768x257.jpg 768w, https:\/\/dev-issaline.testangal.es\/wp-content\/uploads\/2024\/10\/contacta-con-issaline-1536x514.jpg 1536w\" sizes=\"(max-width: 1920px) 100vw, 1920px\" \/>\t\t\t\t\t\t\t\t\t\t\t\t\t\t\t<\/div>\n\t\t\t\t<\/div>\n\t\t\t\t<section class=\"elementor-section elementor-inner-section elementor-element elementor-element-56344c47 css-titulo-sobre-imagen-banner-servicios elementor-section-boxed elementor-section-height-default elementor-section-height-default\" data-id=\"56344c47\" data-element_type=\"section\">\n\t\t\t\t\t\t<div class=\"elementor-container elementor-column-gap-no\">\n\t\t\t\t\t<div class=\"elementor-column elementor-col-100 elementor-inner-column elementor-element elementor-element-16fdb05c\" data-id=\"16fdb05c\" data-element_type=\"column\">\n\t\t\t<div class=\"elementor-widget-wrap elementor-element-populated\">\n\t\t\t\t\t\t<div class=\"elementor-element elementor-element-7cfea543 elementor-widget elementor-widget-text-editor\" data-id=\"7cfea543\" data-element_type=\"widget\" data-widget_type=\"text-editor.default\">\n\t\t\t\t<div class=\"elementor-widget-container\">\n\t\t\t\t\t\t\t\t\t<p style=\"margin-bottom: 0;\">Kontakt<\/p>\t\t\t\t\t\t\t\t<\/div>\n\t\t\t\t<\/div>\n\t\t\t\t<div class=\"elementor-element elementor-element-3db6500b elementor-widget elementor-widget-text-editor\" data-id=\"3db6500b\" data-element_type=\"widget\" data-widget_type=\"text-editor.default\">\n\t\t\t\t<div class=\"elementor-widget-container\">\n\t\t\t\t\t\t\t\t\t<p style=\"margin-bottom: 0;\">Ca\u0142y nasz zesp\u00f3\u0142 profesjonalist\u00f3w<br>Jak mo\u017cemy Ci pom\u00f3c?<\/p>\t\t\t\t\t\t\t\t<\/div>\n\t\t\t\t<\/div>\n\t\t\t\t\t<\/div>\n\t\t<\/div>\n\t\t\t\t\t<\/div>\n\t\t<\/section>\n\t\t\t\t\t<\/div>\n\t\t<\/div>\n\t\t\t\t\t<\/div>\n\t\t<\/section>\n\t\t\t\t<section class=\"elementor-section elementor-top-section elementor-element elementor-element-6381b296 elementor-section-boxed elementor-section-height-default elementor-section-height-default\" data-id=\"6381b296\" data-element_type=\"section\">\n\t\t\t\t\t\t<div class=\"elementor-container elementor-column-gap-default\">\n\t\t\t\t\t<div class=\"elementor-column elementor-col-100 elementor-top-column elementor-element elementor-element-65598820\" data-id=\"65598820\" data-element_type=\"column\">\n\t\t\t<div class=\"elementor-widget-wrap elementor-element-populated\">\n\t\t\t\t\t\t<div class=\"elementor-element elementor-element-c6143b7 elementor-widget elementor-widget-image\" data-id=\"c6143b7\" data-element_type=\"widget\" data-widget_type=\"image.default\">\n\t\t\t\t<div class=\"elementor-widget-container\">\n\t\t\t\t\t\t\t\t\t\t\t\t\t\t\t<img decoding=\"async\" width=\"157\" height=\"64\" src=\"https:\/\/dev-issaline.testangal.es\/wp-content\/uploads\/2024\/10\/Logo_Verde.svg\" class=\"attachment-full size-full wp-image-4879\" alt=\"\" \/>\t\t\t\t\t\t\t\t\t\t\t\t\t\t\t<\/div>\n\t\t\t\t<\/div>\n\t\t\t\t<div class=\"elementor-element elementor-element-c599381 elementor-widget__width-initial elementor-widget-tablet__width-inherit elementor-widget elementor-widget-text-editor\" data-id=\"c599381\" data-element_type=\"widget\" data-widget_type=\"text-editor.default\">\n\t\t\t\t<div class=\"elementor-widget-container\">\n\t\t\t\t\t\t\t\t\tJeste\u015bmy po Twojej stronie we wszystkim, czego potrzebujesz. Niezale\u017cnie od tego, czy jeste\u015b dystrybutorem, konsumentem czy innego rodzaju u\u017cytkownikiem, z przyjemno\u015bci\u0105 doradzimy, poprowadzimy lub odpowiemy na wszelkie pytania.\t\t\t\t\t\t\t\t<\/div>\n\t\t\t\t<\/div>\n\t\t\t\t\t<\/div>\n\t\t<\/div>\n\t\t\t\t\t<\/div>\n\t\t<\/section>\n\t\t\t\t<section class=\"elementor-section elementor-top-section elementor-element elementor-element-b195d33 elementor-section-boxed elementor-section-height-default elementor-section-height-default\" data-id=\"b195d33\" data-element_type=\"section\">\n\t\t\t\t\t\t<div class=\"elementor-container elementor-column-gap-default\">\n\t\t\t\t\t<div class=\"elementor-column elementor-col-100 elementor-top-column elementor-element elementor-element-92a4625\" data-id=\"92a4625\" data-element_type=\"column\">\n\t\t\t<div class=\"elementor-widget-wrap elementor-element-populated\">\n\t\t\t\t\t\t<div class=\"elementor-element elementor-element-7788010 elementor-widget elementor-widget-shortcode\" data-id=\"7788010\" data-element_type=\"widget\" data-widget_type=\"shortcode.default\">\n\t\t\t\t<div class=\"elementor-widget-container\">\n\t\t\t\t\t\t\t<div class=\"elementor-shortcode\">\n<div class=\"wpcf7 no-js\" id=\"wpcf7-f107-o1\" lang=\"es-ES\" dir=\"ltr\" data-wpcf7-id=\"107\">\n<div class=\"screen-reader-response\"><p role=\"status\" aria-live=\"polite\" aria-atomic=\"true\"><\/p> <ul><\/ul><\/div>\n<form action=\"\/pl\/wp-json\/wp\/v2\/pages\/3924#wpcf7-f107-o1\" method=\"post\" class=\"wpcf7-form init\" aria-label=\"Formulario de contacto\" novalidate=\"novalidate\" data-status=\"init\" data-trp-original-action=\"\/pl\/wp-json\/wp\/v2\/pages\/3924#wpcf7-f107-o1\">\n<fieldset class=\"hidden-fields-container\"><input type=\"hidden\" name=\"_wpcf7\" value=\"107\" \/><input type=\"hidden\" name=\"_wpcf7_version\" value=\"6.1.1\" \/><input type=\"hidden\" name=\"_wpcf7_locale\" value=\"es_ES\" \/><input type=\"hidden\" name=\"_wpcf7_unit_tag\" value=\"wpcf7-f107-o1\" \/><input type=\"hidden\" name=\"_wpcf7_container_post\" value=\"0\" \/><input type=\"hidden\" name=\"_wpcf7_posted_data_hash\" value=\"\" \/>\n<\/fieldset>\n<div class=\"fila-dos-columnas\">\n\t<p><label><span class=\"wpcf7-form-control-wrap\" data-name=\"text-488\"><input size=\"40\" maxlength=\"400\" class=\"wpcf7-form-control wpcf7-text wpcf7-validates-as-required\" aria-required=\"true\" aria-invalid=\"false\" placeholder=\"NAZWA\" value=\"\" type=\"text\" name=\"text-488\" \/><\/span><\/label><label><span class=\"wpcf7-form-control-wrap\" data-name=\"text-489\"><input size=\"40\" maxlength=\"400\" class=\"wpcf7-form-control wpcf7-text\" aria-invalid=\"false\" placeholder=\"NAZWISKA\" value=\"\" type=\"text\" name=\"text-489\" \/><\/span><\/label>\n\t<\/p>\n<\/div>\n<div class=\"fila-dos-columnas\">\n\t<p><label><span class=\"wpcf7-form-control-wrap\" data-name=\"text-490\"><input size=\"40\" maxlength=\"400\" class=\"wpcf7-form-control wpcf7-text\" aria-invalid=\"false\" placeholder=\"FIRMA\" value=\"\" type=\"text\" name=\"text-490\" \/><\/span><\/label><label><span class=\"wpcf7-form-control-wrap\" data-name=\"email-274\"><input size=\"40\" maxlength=\"400\" class=\"wpcf7-form-control wpcf7-email wpcf7-validates-as-required wpcf7-text wpcf7-validates-as-email\" aria-required=\"true\" aria-invalid=\"false\" placeholder=\"E-MAIL\" value=\"\" type=\"email\" name=\"email-274\" \/><\/span><\/label>\n\t<\/p>\n<\/div>\n<div class=\"fila-dos-columnas\">\n\t<p><label><span class=\"wpcf7-form-control-wrap\" data-name=\"tel-509\"><input size=\"40\" maxlength=\"400\" class=\"wpcf7-form-control wpcf7-tel wpcf7-validates-as-required wpcf7-text wpcf7-validates-as-tel\" aria-required=\"true\" aria-invalid=\"false\" placeholder=\"TELEFON\" value=\"\" type=\"tel\" name=\"tel-509\" \/><\/span><\/label><label><span class=\"wpcf7-form-control-wrap\" data-name=\"text-491\"><input size=\"40\" maxlength=\"400\" class=\"wpcf7-form-control wpcf7-text\" aria-invalid=\"false\" placeholder=\"WIE\u015a\" value=\"\" type=\"text\" name=\"text-491\" \/><\/span><\/label>\n\t<\/p>\n<\/div>\n<div class=\"fila-dos-columnas\">\n\t<p><label><span class=\"wpcf7-form-control-wrap\" data-name=\"text-492\"><input size=\"40\" maxlength=\"400\" class=\"wpcf7-form-control wpcf7-text\" aria-invalid=\"false\" placeholder=\"FIRMA\" value=\"\" type=\"text\" name=\"text-492\" \/><\/span><\/label><label><span class=\"wpcf7-form-control-wrap\" data-name=\"text-493\"><input size=\"40\" maxlength=\"400\" class=\"wpcf7-form-control wpcf7-text\" aria-invalid=\"false\" placeholder=\"WIE\u015a\" value=\"\" type=\"text\" name=\"text-493\" \/><\/span><\/label>\n\t<\/p>\n<\/div>\n<div>\n\t<p><span class=\"wpcf7-form-control-wrap\" data-name=\"textarea-430\"><textarea cols=\"40\" rows=\"10\" maxlength=\"2000\" class=\"wpcf7-form-control wpcf7-textarea\" aria-invalid=\"false\" placeholder=\"WIADOMO\u015a\u0106\" name=\"textarea-430\"><\/textarea><\/span>\n\t<\/p>\n<\/div>\n<div>\n\t<p><span class=\"wpcf7-form-control-wrap\" data-name=\"acceptance-195\"><span class=\"wpcf7-form-control wpcf7-acceptance\"><span class=\"wpcf7-list-item\"><label><input type=\"checkbox\" name=\"acceptance-195\" value=\"1\" aria-invalid=\"false\" \/><span class=\"wpcf7-list-item-label\">O\u015bwiadczam, \u017ce znam tre\u015b\u0107 Rozporz\u0105dzenia UE 2016\/679 (RODO), kodeksu ochrony danych osobowych i w zwi\u0105zku z tym wyra\u017cam zgod\u0119 na przetwarzanie moich danych osobowych. Wi\u0119cej informacji mo\u017cna znale\u017a\u0107 pod nast\u0119puj\u0105cym linkiem:<a href=\"\/es\/privacy-policy\" target=\"_blank\">https:\/\/www.issaline.com\/es\/privacy-policy<\/a><\/span><\/label><\/span><\/span><\/span>\n\t<\/p>\n<\/div>\n<p><span id=\"boton-formulario-custom-def\" class=\"bg-cstm-boton-contacto\"><button class=\"boton-por-defecto-formulario boton-animado boton-color-negro\"><span class=\"texto-dentro-boton\">WY\u015aLIJ<\/span><span class=\"flecha-dentro-boton\"><span><\/span><span><\/span><span><\/span><\/span><\/button><\/span>\n<\/p><div class=\"wpcf7-response-output\" aria-hidden=\"true\"><\/div>\n<input type=\"hidden\" name=\"trp-form-language\" value=\"pl\"\/><\/form>\n<\/div>\n<\/div>\n\t\t\t\t\t\t<\/div>\n\t\t\t\t<\/div>\n\t\t\t\t\t<\/div>\n\t\t<\/div>\n\t\t\t\t\t<\/div>\n\t\t<\/section>\n\t\t\t\t<\/div>","protected":false},"excerpt":{"rendered":"<p>Contacto Todo nuestro equipo de profesionales est\u00e1 atu disposici\u00f3n. \u00bfComo podemos ayudarte? Estamos a tu lado para todo lo que necesites. Tanto si eres distribuidor, consumidor u otro tipo de usuario, estaremos encantados de asesorarte, guiarte o resolver cualquier duda.<\/p>","protected":false},"author":1,"featured_media":0,"parent":0,"menu_order":0,"comment_status":"closed","ping_status":"closed","template":"elementor_header_footer","meta":{"footnotes":""},"class_list":["post-3924","page","type-page","status-publish","hentry"],"_links":{"self":[{"href":"https:\/\/dev-issaline.testangal.es\/pl\/wp-json\/wp\/v2\/pages\/3924","targetHints":{"allow":["GET"]}}],"collection":[{"href":"https:\/\/dev-issaline.testangal.es\/pl\/wp-json\/wp\/v2\/pages"}],"about":[{"href":"https:\/\/dev-issaline.testangal.es\/pl\/wp-json\/wp\/v2\/types\/page"}],"author":[{"embeddable":true,"href":"https:\/\/dev-issaline.testangal.es\/pl\/wp-json\/wp\/v2\/users\/1"}],"replies":[{"embeddable":true,"href":"https:\/\/dev-issaline.testangal.es\/pl\/wp-json\/wp\/v2\/comments?post=3924"}],"version-history":[{"count":169,"href":"https:\/\/dev-issaline.testangal.es\/pl\/wp-json\/wp\/v2\/pages\/3924\/revisions"}],"predecessor-version":[{"id":14561,"href":"https:\/\/dev-issaline.testangal.es\/pl\/wp-json\/wp\/v2\/pages\/3924\/revisions\/14561"}],"wp:attachment":[{"href":"https:\/\/dev-issaline.testangal.es\/pl\/wp-json\/wp\/v2\/media?parent=3924"}],"curies":[{"name":"wp","href":"https:\/\/api.w.org\/{rel}","templated":true}]}}