{"id":2128,"date":"2024-10-16T09:09:38","date_gmt":"2024-10-16T07:09:38","guid":{"rendered":"https:\/\/issaline.testangal.es\/?page_id=2128"},"modified":"2025-03-31T09:59:15","modified_gmt":"2025-03-31T07:59:15","slug":"katalogi","status":"publish","type":"page","link":"https:\/\/dev-issaline.testangal.es\/pl\/katalogi\/","title":{"rendered":"Katalogi"},"content":{"rendered":"<div data-elementor-type=\"wp-page\" data-elementor-id=\"2128\" class=\"elementor elementor-2128\" data-elementor-post-type=\"page\">\n\t\t\t\t\t\t<section class=\"elementor-section elementor-top-section elementor-element elementor-element-3034672c elementor-section-full_width elementor-section-height-default elementor-section-height-default\" data-id=\"3034672c\" data-element_type=\"section\">\n\t\t\t\t\t\t<div class=\"elementor-container elementor-column-gap-no\">\n\t\t\t\t\t<div class=\"elementor-column elementor-col-100 elementor-top-column elementor-element elementor-element-2d341c16\" data-id=\"2d341c16\" data-element_type=\"column\">\n\t\t\t<div class=\"elementor-widget-wrap elementor-element-populated\">\n\t\t\t\t\t\t<div class=\"elementor-element elementor-element-470e5f43 imagen-catalogo elementor-widget elementor-widget-image\" data-id=\"470e5f43\" data-element_type=\"widget\" data-widget_type=\"image.default\">\n\t\t\t\t<div class=\"elementor-widget-container\">\n\t\t\t\t\t\t\t\t\t\t\t\t\t\t\t<img fetchpriority=\"high\" decoding=\"async\" width=\"1920\" height=\"643\" src=\"https:\/\/dev-issaline.testangal.es\/wp-content\/uploads\/2024\/10\/catalogos-issaline-1.jpg\" class=\"attachment-full size-full wp-image-2185\" alt=\"\" srcset=\"https:\/\/dev-issaline.testangal.es\/wp-content\/uploads\/2024\/10\/catalogos-issaline-1.jpg 1920w, https:\/\/dev-issaline.testangal.es\/wp-content\/uploads\/2024\/10\/catalogos-issaline-1-300x100.jpg 300w, https:\/\/dev-issaline.testangal.es\/wp-content\/uploads\/2024\/10\/catalogos-issaline-1-1024x343.jpg 1024w, https:\/\/dev-issaline.testangal.es\/wp-content\/uploads\/2024\/10\/catalogos-issaline-1-768x257.jpg 768w, https:\/\/dev-issaline.testangal.es\/wp-content\/uploads\/2024\/10\/catalogos-issaline-1-1536x514.jpg 1536w\" sizes=\"(max-width: 1920px) 100vw, 1920px\" \/>\t\t\t\t\t\t\t\t\t\t\t\t\t\t\t<\/div>\n\t\t\t\t<\/div>\n\t\t\t\t<section class=\"elementor-section elementor-inner-section elementor-element elementor-element-66e1b9be texto-sobre-imagen-under catalogos elementor-section-boxed elementor-section-height-default elementor-section-height-default\" data-id=\"66e1b9be\" data-element_type=\"section\" id=\"texto-banner-catalogo\">\n\t\t\t\t\t\t<div class=\"elementor-container elementor-column-gap-default\">\n\t\t\t\t\t<div class=\"elementor-column elementor-col-50 elementor-inner-column elementor-element elementor-element-480bdc5f\" data-id=\"480bdc5f\" data-element_type=\"column\" id=\"catalogo-banner-izq\">\n\t\t\t<div class=\"elementor-widget-wrap elementor-element-populated\">\n\t\t\t\t\t\t<div class=\"elementor-element elementor-element-438c0cc elementor-widget elementor-widget-text-editor\" data-id=\"438c0cc\" data-element_type=\"widget\" data-widget_type=\"text-editor.default\">\n\t\t\t\t<div class=\"elementor-widget-container\">\n\t\t\t\t\t\t\t\t\t<p style=\"margin-bottom: 0;\">Katalogi<\/p>\t\t\t\t\t\t\t\t<\/div>\n\t\t\t\t<\/div>\n\t\t\t\t<div class=\"elementor-element elementor-element-715e9775 elementor-widget elementor-widget-text-editor\" data-id=\"715e9775\" data-element_type=\"widget\" data-widget_type=\"text-editor.default\">\n\t\t\t\t<div class=\"elementor-widget-container\">\n\t\t\t\t\t\t\t\t\t<p>Odzie\u017c robocza i \u015brodki ochrony indywidualnej ... wszystko, czego potrzebujesz w \u015bwiecie pracy i nie tylko!<\/p>\t\t\t\t\t\t\t\t<\/div>\n\t\t\t\t<\/div>\n\t\t\t\t\t<\/div>\n\t\t<\/div>\n\t\t\t\t<div class=\"elementor-column elementor-col-50 elementor-inner-column elementor-element elementor-element-4cae98b1\" data-id=\"4cae98b1\" data-element_type=\"column\" id=\"catalogo-banner-der\">\n\t\t\t<div class=\"elementor-widget-wrap\">\n\t\t\t\t\t\t\t<\/div>\n\t\t<\/div>\n\t\t\t\t\t<\/div>\n\t\t<\/section>\n\t\t\t\t\t<\/div>\n\t\t<\/div>\n\t\t\t\t\t<\/div>\n\t\t<\/section>\n\t\t\t\t<section class=\"elementor-section elementor-top-section elementor-element elementor-element-22e8680 elementor-section-boxed elementor-section-height-default elementor-section-height-default\" data-id=\"22e8680\" data-element_type=\"section\">\n\t\t\t\t\t\t<div class=\"elementor-container elementor-column-gap-default\">\n\t\t\t\t\t<div class=\"elementor-column elementor-col-50 elementor-top-column elementor-element elementor-element-d678911\" data-id=\"d678911\" data-element_type=\"column\">\n\t\t\t<div class=\"elementor-widget-wrap elementor-element-populated\">\n\t\t\t\t\t\t<div class=\"elementor-element elementor-element-3a9cda2 elementor-widget__width-inherit elementor-widget elementor-widget-image\" data-id=\"3a9cda2\" data-element_type=\"widget\" data-widget_type=\"image.default\">\n\t\t\t\t<div class=\"elementor-widget-container\">\n\t\t\t\t\t\t\t\t\t\t\t\t\t\t\t<img decoding=\"async\" width=\"791\" height=\"667\" src=\"https:\/\/dev-issaline.testangal.es\/wp-content\/uploads\/2025\/03\/cat_general.jpg\" class=\"attachment-full size-full wp-image-10606\" alt=\"\" srcset=\"https:\/\/dev-issaline.testangal.es\/wp-content\/uploads\/2025\/03\/cat_general.jpg 791w, https:\/\/dev-issaline.testangal.es\/wp-content\/uploads\/2025\/03\/cat_general-300x253.jpg 300w, https:\/\/dev-issaline.testangal.es\/wp-content\/uploads\/2025\/03\/cat_general-768x648.jpg 768w\" sizes=\"(max-width: 791px) 100vw, 791px\" \/>\t\t\t\t\t\t\t\t\t\t\t\t\t\t\t<\/div>\n\t\t\t\t<\/div>\n\t\t\t\t<section class=\"elementor-section elementor-inner-section elementor-element elementor-element-5842ee2 issaline-chapters-seccion-bajo  catalogos-abajo elementor-section-boxed elementor-section-height-default elementor-section-height-default\" data-id=\"5842ee2\" data-element_type=\"section\">\n\t\t\t\t\t\t<div class=\"elementor-container elementor-column-gap-default\">\n\t\t\t\t\t<div class=\"elementor-column elementor-col-50 elementor-inner-column elementor-element elementor-element-f1e9fb9 titulo-issaline-chapters-col catalogos-abajo-texto\" data-id=\"f1e9fb9\" data-element_type=\"column\">\n\t\t\t<div class=\"elementor-widget-wrap elementor-element-populated\">\n\t\t\t\t\t\t<div class=\"elementor-element elementor-element-1475e37 texto-catalogos elementor-widget elementor-widget-text-editor\" data-id=\"1475e37\" data-element_type=\"widget\" data-widget_type=\"text-editor.default\">\n\t\t\t\t<div class=\"elementor-widget-container\">\n\t\t\t\t\t\t\t\t\t<p>KATALOG OG\u00d3LNY<br \/>2024\/25<\/p>\t\t\t\t\t\t\t\t<\/div>\n\t\t\t\t<\/div>\n\t\t\t\t\t<\/div>\n\t\t<\/div>\n\t\t\t\t<div class=\"elementor-column elementor-col-50 elementor-inner-column elementor-element elementor-element-1abfbbf boton-issaline-chapter-col catalogos-abajo-boton\" data-id=\"1abfbbf\" data-element_type=\"column\">\n\t\t\t<div class=\"elementor-widget-wrap elementor-element-populated\">\n\t\t\t\t\t\t<div class=\"elementor-element elementor-element-718ba2f elementor-widget elementor-widget-html\" data-id=\"718ba2f\" data-element_type=\"widget\" data-widget_type=\"html.default\">\n\t\t\t\t<div class=\"elementor-widget-container\">\n\t\t\t\t\t<div class=\"izq-vers-mobil-2\">\n    <a href=\"https:\/\/issaline.testangal.es\/wp-content\/uploads\/2025\/03\/Catalogo-general-2024-2025.pdf\" class=\"boton-por-defecto boton-color-negro boton-animado\" target=\"_blank\">\n<span class=\"texto-dentro-boton\">Pobierz<\/span><\/span>\n<span class=\"flecha-dentro-boton\">\n    <div><\/div>\n    <div><\/div>\n    <div><\/div>\n<\/span>\n<\/a>\n<\/div>\t\t\t\t<\/div>\n\t\t\t\t<\/div>\n\t\t\t\t\t<\/div>\n\t\t<\/div>\n\t\t\t\t\t<\/div>\n\t\t<\/section>\n\t\t\t\t\t<\/div>\n\t\t<\/div>\n\t\t\t\t<div class=\"elementor-column elementor-col-50 elementor-top-column elementor-element elementor-element-a6482f2\" data-id=\"a6482f2\" data-element_type=\"column\">\n\t\t\t<div class=\"elementor-widget-wrap elementor-element-populated\">\n\t\t\t\t\t\t<div class=\"elementor-element elementor-element-0592b2f elementor-widget elementor-widget-image\" data-id=\"0592b2f\" data-element_type=\"widget\" data-widget_type=\"image.default\">\n\t\t\t\t<div class=\"elementor-widget-container\">\n\t\t\t\t\t\t\t\t\t\t\t\t\t\t\t<img decoding=\"async\" width=\"791\" height=\"667\" src=\"https:\/\/dev-issaline.testangal.es\/wp-content\/uploads\/2025\/03\/CAT_cold.jpg\" class=\"attachment-full size-full wp-image-10605\" alt=\"\" srcset=\"https:\/\/dev-issaline.testangal.es\/wp-content\/uploads\/2025\/03\/CAT_cold.jpg 791w, https:\/\/dev-issaline.testangal.es\/wp-content\/uploads\/2025\/03\/CAT_cold-300x253.jpg 300w, https:\/\/dev-issaline.testangal.es\/wp-content\/uploads\/2025\/03\/CAT_cold-768x648.jpg 768w\" sizes=\"(max-width: 791px) 100vw, 791px\" \/>\t\t\t\t\t\t\t\t\t\t\t\t\t\t\t<\/div>\n\t\t\t\t<\/div>\n\t\t\t\t<section class=\"elementor-section elementor-inner-section elementor-element elementor-element-66b9c38 issaline-chapters-seccion-bajo  catalogos-abajo elementor-section-boxed elementor-section-height-default elementor-section-height-default\" data-id=\"66b9c38\" data-element_type=\"section\">\n\t\t\t\t\t\t<div class=\"elementor-container elementor-column-gap-default\">\n\t\t\t\t\t<div class=\"elementor-column elementor-col-50 elementor-inner-column elementor-element elementor-element-879f35c titulo-issaline-chapters-col catalogos-abajo-texto\" data-id=\"879f35c\" data-element_type=\"column\">\n\t\t\t<div class=\"elementor-widget-wrap elementor-element-populated\">\n\t\t\t\t\t\t<div class=\"elementor-element elementor-element-139063e texto-catalogos elementor-widget elementor-widget-text-editor\" data-id=\"139063e\" data-element_type=\"widget\" data-widget_type=\"text-editor.default\">\n\t\t\t\t<div class=\"elementor-widget-container\">\n\t\t\t\t\t\t\t\t\t<p>ZIMNY KATALOG<br \/>KOLEKCJA 2024\/25<\/p>\t\t\t\t\t\t\t\t<\/div>\n\t\t\t\t<\/div>\n\t\t\t\t\t<\/div>\n\t\t<\/div>\n\t\t\t\t<div class=\"elementor-column elementor-col-50 elementor-inner-column elementor-element elementor-element-d6b1be8 boton-issaline-chapter-col catalogos-abajo-boton\" data-id=\"d6b1be8\" data-element_type=\"column\">\n\t\t\t<div class=\"elementor-widget-wrap elementor-element-populated\">\n\t\t\t\t\t\t<div class=\"elementor-element elementor-element-b9d9bef elementor-widget elementor-widget-html\" data-id=\"b9d9bef\" data-element_type=\"widget\" data-widget_type=\"html.default\">\n\t\t\t\t<div class=\"elementor-widget-container\">\n\t\t\t\t\t<div class=\"izq-vers-mobil-2\">\n    <a href=\"https:\/\/issaline.testangal.es\/wp-content\/uploads\/2025\/03\/Cold-collection-2024-2025.pdf\" class=\"boton-por-defecto boton-color-negro boton-animado\" target=\"_blank\">\n<span class=\"texto-dentro-boton\">Pobierz<\/span><\/span>\n<span class=\"flecha-dentro-boton\">\n    <div><\/div>\n    <div><\/div>\n    <div><\/div>\n<\/span>\n<\/a>\n<\/div>\t\t\t\t<\/div>\n\t\t\t\t<\/div>\n\t\t\t\t\t<\/div>\n\t\t<\/div>\n\t\t\t\t\t<\/div>\n\t\t<\/section>\n\t\t\t\t\t<\/div>\n\t\t<\/div>\n\t\t\t\t\t<\/div>\n\t\t<\/section>\n\t\t\t\t<section class=\"elementor-section elementor-top-section elementor-element elementor-element-bbec451 elementor-section-boxed elementor-section-height-default elementor-section-height-default\" data-id=\"bbec451\" data-element_type=\"section\">\n\t\t\t\t\t\t<div class=\"elementor-container elementor-column-gap-default\">\n\t\t\t\t\t<div class=\"elementor-column elementor-col-50 elementor-top-column elementor-element elementor-element-1da5a5a\" data-id=\"1da5a5a\" data-element_type=\"column\">\n\t\t\t<div class=\"elementor-widget-wrap elementor-element-populated\">\n\t\t\t\t\t\t<div class=\"elementor-element elementor-element-9ff1c1d elementor-widget elementor-widget-image\" data-id=\"9ff1c1d\" data-element_type=\"widget\" data-widget_type=\"image.default\">\n\t\t\t\t<div class=\"elementor-widget-container\">\n\t\t\t\t\t\t\t\t\t\t\t\t\t\t\t<img loading=\"lazy\" decoding=\"async\" width=\"791\" height=\"667\" src=\"https:\/\/dev-issaline.testangal.es\/wp-content\/uploads\/2025\/03\/cat_verano.jpg\" class=\"attachment-full size-full wp-image-10607\" alt=\"\" srcset=\"https:\/\/dev-issaline.testangal.es\/wp-content\/uploads\/2025\/03\/cat_verano.jpg 791w, https:\/\/dev-issaline.testangal.es\/wp-content\/uploads\/2025\/03\/cat_verano-300x253.jpg 300w, https:\/\/dev-issaline.testangal.es\/wp-content\/uploads\/2025\/03\/cat_verano-768x648.jpg 768w\" sizes=\"(max-width: 791px) 100vw, 791px\" \/>\t\t\t\t\t\t\t\t\t\t\t\t\t\t\t<\/div>\n\t\t\t\t<\/div>\n\t\t\t\t<section class=\"elementor-section elementor-inner-section elementor-element elementor-element-b4b060d issaline-chapters-seccion-bajo  catalogos-abajo elementor-section-boxed elementor-section-height-default elementor-section-height-default\" data-id=\"b4b060d\" data-element_type=\"section\">\n\t\t\t\t\t\t<div class=\"elementor-container elementor-column-gap-default\">\n\t\t\t\t\t<div class=\"elementor-column elementor-col-50 elementor-inner-column elementor-element elementor-element-e9fede7 titulo-issaline-chapters-col catalogos-abajo-texto\" data-id=\"e9fede7\" data-element_type=\"column\">\n\t\t\t<div class=\"elementor-widget-wrap elementor-element-populated\">\n\t\t\t\t\t\t<div class=\"elementor-element elementor-element-0b7ce2a texto-catalogos elementor-widget elementor-widget-text-editor\" data-id=\"0b7ce2a\" data-element_type=\"widget\" data-widget_type=\"text-editor.default\">\n\t\t\t\t<div class=\"elementor-widget-container\">\n\t\t\t\t\t\t\t\t\t<p>KATALOG LETNI<br \/>KOLEKCJA 2024\/25<\/p>\t\t\t\t\t\t\t\t<\/div>\n\t\t\t\t<\/div>\n\t\t\t\t\t<\/div>\n\t\t<\/div>\n\t\t\t\t<div class=\"elementor-column elementor-col-50 elementor-inner-column elementor-element elementor-element-8f8688d boton-issaline-chapter-col catalogos-abajo-boton\" data-id=\"8f8688d\" data-element_type=\"column\">\n\t\t\t<div class=\"elementor-widget-wrap elementor-element-populated\">\n\t\t\t\t\t\t<div class=\"elementor-element elementor-element-e05ac4c elementor-widget elementor-widget-html\" data-id=\"e05ac4c\" data-element_type=\"widget\" data-widget_type=\"html.default\">\n\t\t\t\t<div class=\"elementor-widget-container\">\n\t\t\t\t\t<div class=\"izq-vers-mobil-2\">\n    <a href=\"https:\/\/issaline.testangal.es\/wp-content\/uploads\/2025\/03\/Summer-collection-2025.pdf\" class=\"boton-por-defecto boton-color-negro boton-animado\" target=\"_blank\">\n<span class=\"texto-dentro-boton\">Pobierz<\/span><\/span>\n<span class=\"flecha-dentro-boton\">\n    <div><\/div>\n    <div><\/div>\n    <div><\/div>\n<\/span>\n<\/a>\n<\/div>\t\t\t\t<\/div>\n\t\t\t\t<\/div>\n\t\t\t\t\t<\/div>\n\t\t<\/div>\n\t\t\t\t\t<\/div>\n\t\t<\/section>\n\t\t\t\t\t<\/div>\n\t\t<\/div>\n\t\t\t\t<div class=\"elementor-column elementor-col-50 elementor-top-column elementor-element elementor-element-e4c82e3\" data-id=\"e4c82e3\" data-element_type=\"column\">\n\t\t\t<div class=\"elementor-widget-wrap\">\n\t\t\t\t\t\t\t<\/div>\n\t\t<\/div>\n\t\t\t\t\t<\/div>\n\t\t<\/section>\n\t\t\t\t<\/div>","protected":false},"excerpt":{"rendered":"<p>Cat\u00e1logos Ropa de trabajo y EPIS \u2026 \u00a1todo lo que necesitas en el mundo laboral y mucho m\u00e1s! CAT\u00c1LOGO GENERAL2024\/25 Descargar CAT\u00c1LOGO COLDCOLLECTION 2024\/25 Descargar CAT\u00c1LOGO SUMMERCOLLECTION 2024\/25 Descargar<\/p>","protected":false},"author":1,"featured_media":0,"parent":0,"menu_order":0,"comment_status":"closed","ping_status":"closed","template":"elementor_header_footer","meta":{"footnotes":""},"class_list":["post-2128","page","type-page","status-publish","hentry"],"_links":{"self":[{"href":"https:\/\/dev-issaline.testangal.es\/pl\/wp-json\/wp\/v2\/pages\/2128","targetHints":{"allow":["GET"]}}],"collection":[{"href":"https:\/\/dev-issaline.testangal.es\/pl\/wp-json\/wp\/v2\/pages"}],"about":[{"href":"https:\/\/dev-issaline.testangal.es\/pl\/wp-json\/wp\/v2\/types\/page"}],"author":[{"embeddable":true,"href":"https:\/\/dev-issaline.testangal.es\/pl\/wp-json\/wp\/v2\/users\/1"}],"replies":[{"embeddable":true,"href":"https:\/\/dev-issaline.testangal.es\/pl\/wp-json\/wp\/v2\/comments?post=2128"}],"version-history":[{"count":201,"href":"https:\/\/dev-issaline.testangal.es\/pl\/wp-json\/wp\/v2\/pages\/2128\/revisions"}],"predecessor-version":[{"id":10616,"href":"https:\/\/dev-issaline.testangal.es\/pl\/wp-json\/wp\/v2\/pages\/2128\/revisions\/10616"}],"wp:attachment":[{"href":"https:\/\/dev-issaline.testangal.es\/pl\/wp-json\/wp\/v2\/media?parent=2128"}],"curies":[{"name":"wp","href":"https:\/\/api.w.org\/{rel}","templated":true}]}}